{"id":80,"date":"2021-02-15T13:16:01","date_gmt":"2021-02-15T13:16:01","guid":{"rendered":"https:\/\/kinomeetingpoint.ba\/?page_id=80"},"modified":"2024-06-03T12:33:47","modified_gmt":"2024-06-03T12:33:47","slug":"home","status":"publish","type":"page","link":"https:\/\/kinomeetingpoint.ba\/","title":{"rendered":"Home"},"content":{"rendered":"<p>[vc_row][vc_column]<div class=\"amy-shortcode amy-mv-slide\"><div class=\"amy-slick \" data-slick='{\"slidesToShow\":1,\"slidesToScroll\":1,\"autoplay\":true,\"autoplaySpeed\":3000,\"prevArrow\": \"<a class=\\\"amy-arrow fa amy-pre fa-chevron-right\\\"><\/a>\",\"nextArrow\": \"<a class=\\\"amy-arrow fa amy-next fa-chevron-left\\\"><\/a>\",\"arrows\":true,\"infinite\":true,\"fade\":false,\"useCSS\":false,\"useTransform\":false,\"dots\":true}'><div class=\"slide-item\"><div class=\"slide-thumb\"><a href=\"https:\/\/kinomeetingpoint.ba\/?amy_movie=sentimental-value\"><img decoding=\"async\" src=\"https:\/\/kinomeetingpoint.ba\/wp-content\/uploads\/2026\/02\/MV5BMzhlMGY5NjYtNGE1Mi00YzE4LWE2MmYtMTg1ZTUzNDA5MmI5XkEyXkFqcGc@._V1_FMjpg_UX2160_-1920x600_c.jpg\" \/><\/a><\/div><div class=\"slide-content\"><h2 class=\"slide-title\"><a href=\"https:\/\/kinomeetingpoint.ba\/?amy_movie=sentimental-value\">SENTIMENTALNA VRIJEDNOST \/ SENTIMENTAL <span class=\"last_word\">VALUE<\/span><\/a><\/h2><div class=\"slide-desc\"><p>Reditelj Gustav Borg (Stellan Skarsg\u00e5rd) oduvijek je stavljao posao na prvo mjesto, na \u0161tetu odnosa s k\u0107erkama Norom (Renate Reinsve ...<\/p><\/div><div class=\"slide-button\"><a href=\"\" class=\"fancybox.iframe amy-fancybox\"><i aria-hidden=\"true\" class=\"fa fa-play\"><\/i>Trailer<\/a><a href=\"https:\/\/kinomeetingpoint.ba\/?amy_movie=sentimental-value\"><i aria-hidden=\"true\" class=\"fa fa-exclamation\"><\/i>Detail<\/a><\/div><\/div><\/div><div class=\"slide-item\"><div class=\"slide-thumb\"><a href=\"https:\/\/kinomeetingpoint.ba\/?amy_movie=dani-brazilskog-filma-u-kinu-meeting-point\"><img decoding=\"async\" src=\"https:\/\/kinomeetingpoint.ba\/wp-content\/uploads\/2026\/04\/MV5BMjcyNjRmOTUtZjliZC00ZDJiLWI3NmMtZWZiZmNmMTk4ZTM3XkEyXkFqcGc@._V1_FMjpg_UX2160_-1920x600_c.jpg\" \/><\/a><\/div><div class=\"slide-content\"><h2 class=\"slide-title\"><a href=\"https:\/\/kinomeetingpoint.ba\/?amy_movie=dani-brazilskog-filma-u-kinu-meeting-point\">Dani brazilskog filma u kinu Meeting <span class=\"last_word\">Point<\/span><\/a><\/h2><div class=\"slide-desc\"><p>4.5. \/ 20:00\u00a0\r\nJO\u0160 SAM OVDJE \/ AINDA ESTOU AQUI \/ I\u2019M STILL HERE\u00a0\u00a0\r\nRe\u017eija \/ Director: Walter Salles\r\nPoliti\u010dki anga\u017eirana drama smje\u0161tena ...<\/p><\/div><div class=\"slide-button\"><a href=\"\" class=\"fancybox.iframe amy-fancybox\"><i aria-hidden=\"true\" class=\"fa fa-play\"><\/i>Trailer<\/a><a href=\"https:\/\/kinomeetingpoint.ba\/?amy_movie=dani-brazilskog-filma-u-kinu-meeting-point\"><i aria-hidden=\"true\" class=\"fa fa-exclamation\"><\/i>Detail<\/a><\/div><\/div><\/div><div class=\"slide-item\"><div class=\"slide-thumb\"><a href=\"https:\/\/kinomeetingpoint.ba\/?amy_movie=dani-evropskog-filma-european-film-days-2026\"><img decoding=\"async\" src=\"https:\/\/kinomeetingpoint.ba\/wp-content\/uploads\/2026\/05\/MV5BZTc5YzRjY2MtMzQxNS00YmEzLTk5ZmUtN2UwM2U0MzZlNWVhXkEyXkFqcGc@._V1_FMjpg_UX2160_-1920x600_c.jpg\" \/><\/a><\/div><div class=\"slide-content\"><h2 class=\"slide-title\"><a href=\"https:\/\/kinomeetingpoint.ba\/?amy_movie=dani-evropskog-filma-european-film-days-2026\">Dani evropskog filma \/ European Film Days <span class=\"last_word\">2026<\/span><\/a><\/h2><div class=\"slide-desc\"><p>Ulaz slobodan \/ Free entrance\u00a0\r\n\r\n\u00a0\r\n\r\n13.5.2026. \/\/ 20:00\u00a0\r\n\r\nZVIJEZDA AFRIKE \/ AFRICA STAR (2024)\u00a0\r\n\r\n1h 47 minuta\u00a0\r\n\r\n\u017danr \/ Genre: Drama\u00a0\r\n\r\nUloge \/ Cast: Marina ...<\/p><\/div><div class=\"slide-button\"><a href=\"\" class=\"fancybox.iframe amy-fancybox\"><i aria-hidden=\"true\" class=\"fa fa-play\"><\/i>Trailer<\/a><a href=\"https:\/\/kinomeetingpoint.ba\/?amy_movie=dani-evropskog-filma-european-film-days-2026\"><i aria-hidden=\"true\" class=\"fa fa-exclamation\"><\/i>Detail<\/a><\/div><\/div><\/div><\/div><\/div>[\/vc_column][\/vc_row][vc_row amy_add_container=&#8221;yes&#8221; css=&#8221;.vc_custom_1477975304894{padding-top: 20px !important;}&#8221;][vc_column]<div class=\"amy-shortcode amy-tab amy-tab-default amy-tab-\"><div class=\"amy-tab-nav bs-tab-nav\"><ul><li class=\"active\"><a href=\"#69fae5b2dc314-0\">U kinu \/ Now Playing<\/a><\/li><\/ul><\/div><div class=\"amy-tab-contents\"><div id=\"69fae5b2dc314-0\" class=\"amy-tab-content active\"><div class=\"amy-shortcode amy-mv-grid layout1\"><div class=\"row amy-ajax-content\"><div class=\"col-md-15 grid-item\"><article class=\"entry-item\" onclick=\"\"><div class=\"entry-thumb\"><img decoding=\"async\" src=\"https:\/\/kinomeetingpoint.ba\/wp-content\/uploads\/2026\/02\/MV5BNTMwMTk0Y2QtY2VhNy00OGYwLThkMjMtZjkwMGI3MTJiMjAyXkEyXkFqcGc@._V1_SX300-360x618_c.jpg\" \/><div class=\"right-info\"><span class=\"pg\"><\/span><\/div><\/div><div class=\"entry-content\"><h4 class=\"entry-title\">SENTIMENTALNA VRIJEDNOST \/ SENTIMENTAL VALUE<\/h4><div class=\"entry-button\"><a href=\"https:\/\/kinomeetingpoint.ba\/?amy_movie=sentimental-value\"><i aria-hidden=\"true\" class=\"fa fa-exclamation\"><\/i>Detail<\/a><\/div><\/div><div class=\"pic-caption open-left\"><h4 class=\"entry-title\"><a href=\"https:\/\/kinomeetingpoint.ba\/?amy_movie=sentimental-value\">SENTIMENTALNA VRIJEDNOST \/ SENTIMENTAL VALUE<\/a><\/h4><span class=\"pg\"><\/span><div class=\"desc-mv\"><p><span>Genre: <\/span><a href=\"https:\/\/kinomeetingpoint.ba\/?amy_genre=drama\">Drama<\/a><\/p><p><span>Duration: <\/span>02 hours 13 minutes<\/p><p><span>Language: <\/span>Norwegian, English, French<\/p><\/div><div class=\"entry-button\"><a href=\"https:\/\/kinomeetingpoint.ba\/?amy_movie=sentimental-value\"><i aria-hidden=\"true\" class=\"fa fa-exclamation\"><\/i>Detail<\/a><\/div><\/div><\/article><\/div><div class=\"col-md-15 grid-item\"><article class=\"entry-item\" onclick=\"\"><div class=\"entry-thumb\"><img decoding=\"async\" src=\"https:\/\/kinomeetingpoint.ba\/wp-content\/uploads\/2026\/04\/Screenshot-2026-04-27-at-14.38.50-e1777293551315-360x618_c.png\" \/><div class=\"right-info\"><span class=\"pg\"><\/span><\/div><\/div><div class=\"entry-content\"><h4 class=\"entry-title\">Dani brazilskog filma u kinu Meeting Point<\/h4><div class=\"entry-button\"><a href=\"https:\/\/kinomeetingpoint.ba\/?amy_movie=dani-brazilskog-filma-u-kinu-meeting-point\"><i aria-hidden=\"true\" class=\"fa fa-exclamation\"><\/i>Detail<\/a><\/div><\/div><div class=\"pic-caption open-left\"><h4 class=\"entry-title\"><a href=\"https:\/\/kinomeetingpoint.ba\/?amy_movie=dani-brazilskog-filma-u-kinu-meeting-point\">Dani brazilskog filma u kinu Meeting Point<\/a><\/h4><span class=\"pg\"><\/span><div class=\"desc-mv\"><\/div><div class=\"entry-button\"><a href=\"https:\/\/kinomeetingpoint.ba\/?amy_movie=dani-brazilskog-filma-u-kinu-meeting-point\"><i aria-hidden=\"true\" class=\"fa fa-exclamation\"><\/i>Detail<\/a><\/div><\/div><\/article><\/div><div class=\"col-md-15 grid-item\"><article class=\"entry-item\" onclick=\"\"><div class=\"entry-thumb\"><img decoding=\"async\" src=\"https:\/\/kinomeetingpoint.ba\/wp-content\/uploads\/2026\/05\/Screenshot-2026-05-04-at-12.57.51-e1777892306650-360x618_c.png\" \/><div class=\"right-info\"><span class=\"pg\"><\/span><\/div><\/div><div class=\"entry-content\"><h4 class=\"entry-title\">Dani evropskog filma \/ European Film Days 2026<\/h4><div class=\"entry-button\"><a href=\"https:\/\/kinomeetingpoint.ba\/?amy_movie=dani-evropskog-filma-european-film-days-2026\"><i aria-hidden=\"true\" class=\"fa fa-exclamation\"><\/i>Detail<\/a><\/div><\/div><div class=\"pic-caption open-left\"><h4 class=\"entry-title\"><a href=\"https:\/\/kinomeetingpoint.ba\/?amy_movie=dani-evropskog-filma-european-film-days-2026\">Dani evropskog filma \/ European Film Days 2026<\/a><\/h4><span class=\"pg\"><\/span><div class=\"desc-mv\"><\/div><div class=\"entry-button\"><a href=\"https:\/\/kinomeetingpoint.ba\/?amy_movie=dani-evropskog-filma-european-film-days-2026\"><i aria-hidden=\"true\" class=\"fa fa-exclamation\"><\/i>Detail<\/a><\/div><\/div><\/article><\/div><\/div><\/div><\/div><\/div><\/div>[\/vc_column][\/vc_row][vc_row][vc_column]<div class=\"amy-movie-layout-list amy-movie-showtimews-daily-1 \">\n<div class=\"amy-showtimes-header\"><div class=\"amy-showtimes-header-inner\">\n<input type=\"hidden\" value=\"eyJvcmRlcmJ5IjoiZGF0ZSIsIm9yZGVyIjoiREVTQyIsInBvc3RzX3Blcl9wYWdlIjoiLTEiLCJwYWdlZCI6MCwibW92aWVfdHlwZSI6Im5vdyIsImN1c3RvbV9maWVsZHMiOltdfQ==\" class=\"amy-param\"\/>\n<input type=\"hidden\" value=\"eyJpbWFnZV9zaXplIjp7IndpZHRoIjoyMTQsImhlaWdodCI6MzIxfSwiZ2VuZXJhbF9maWVsZHNfdG9vbHRpcCI6WyJ0aXRsZSIsImNvbnRlbnQiLCJ0cmFsaWVyIiwiZGV0YWlsIiwicmF0ZSIsIm1wYWEiLCJpbWRiIiwiZHVyYXRpb24iXSwibGlzdF9maWVsZHNfdmlzaWJsZSI6Im1vdmllX3JlbGVhc2UsbW92aWVfaW1kYixtb3ZpZV9sYW5ndWFnZSxtb3ZpZV9nZW5yZSxtb3ZpZV9hY3Rvcixtb3ZpZV9kaXJlY3Rvcixtb3ZpZV9jaW5lbWEiLCJzdGFydF9kYXRlIjoiMDVcLzA2XC8yNiJ9\" class=\"amy-option\"\/>\n<ul>\n<li class=\"active\"><a href=\"javascript:void(0)\" data-date=\"06-05-2026\" data-movie=\"1689,1685,1650\"><span>May 6, 2026<\/span><\/a><\/li>\n<li class=\"\"><a href=\"javascript:void(0)\" data-date=\"07-05-2026\" data-movie=\"1689,1685,1650\"><span>May 7, 2026<\/span><\/a><\/li>\n<li class=\"\"><a href=\"javascript:void(0)\" data-date=\"08-05-2026\" data-movie=\"1689,1685,1650\"><span>May 8, 2026<\/span><\/a><\/li>\n<li class=\"\"><a href=\"javascript:void(0)\" data-date=\"09-05-2026\" data-movie=\"1689,1685,1650\"><span>May 9, 2026<\/span><\/a><\/li>\n<li class=\"\"><a href=\"javascript:void(0)\" data-date=\"10-05-2026\" data-movie=\"1689,1685,1650\"><span>May 10, 2026<\/span><\/a><\/li>\n<li class=\"\"><a href=\"javascript:void(0)\" data-date=\"11-05-2026\" data-movie=\"1689,1685,1650\"><span>May 11, 2026<\/span><\/a><\/li>\n<li class=\"\"><a href=\"javascript:void(0)\" data-date=\"12-05-2026\" data-movie=\"1689,1685,1650\"><span>May 12, 2026<\/span><\/a><\/li>\n<\/ul>\n<\/div><\/div>\n<div class=\"amy-movie-list\">\n<div class=\"amy-movie-items\">\n<div class=\"amy-movie-item\">\n<div class=\"amy-movie-item-inner\">\n<div class=\"amy-movie-item-front\">\n<div class=\"amy-movie-item-poster\">\n<a href=\"https:\/\/kinomeetingpoint.ba\/?amy_movie=dani-brazilskog-filma-u-kinu-meeting-point\">\n<img decoding=\"async\" src=\"https:\/\/kinomeetingpoint.ba\/wp-content\/uploads\/2026\/04\/Screenshot-2026-04-27-at-14.38.50-e1777293551315-214x321_c.png\" \/>\n<\/a>\n<\/div>\n<\/div>\n<div class=\"amy-movie-item-back\"><div class=\"amy-movie-item-back-inner\">\n<div class=\"amy-movie-item-content\">\n\n<h3 class=\"amy-movie-field-title\"><a href=\"https:\/\/kinomeetingpoint.ba\/?amy_movie=dani-brazilskog-filma-u-kinu-meeting-point\">Dani brazilskog filma u kinu Meeting Point<\/a><\/h3>\n\n<div class=\"amy-movie-item-meta\">\n\n\n<\/div>\n<div class=\"amy-movie-field-desc\"><p>4.5. \/ 20:00\u00a0\r\nJO\u0160 SAM OVDJE \/ AINDA ESTOU AQUI \/ I\u2019M STILL HERE\u00a0\u00a0\r\nRe\u017eija \/ Director: Walter ...<\/p><\/div>\n<div class=\"amy-movie-custom-field-group amy-movie-field-subtitles\">\n<\/div>\n<div class=\"amy-movie-custom-field-group amy-movie-field-screenplay\">\n<\/div>\n<div class=\"amy-movie-custom-field-group amy-movie-field-amy_genre\">\n<\/div>\n<div class=\"amy-movie-custom-field-group amy-movie-field-amy_actor\">\n<\/div>\n<div class=\"amy-movie-custom-field-group amy-movie-field-amy_director\">\n<\/div>\n<\/div>\n<div class=\"amy-movie-item-showtimes amy-item-1685\">\n<div class=\"amy-movie-intro-times\">\n<span>20.00<\/span>\n<\/div>\n<\/div>\n<\/div><\/div>\n<\/div>\n<\/div>\n<\/div>\n\n<\/div><\/div>[\/vc_column][\/vc_row]<\/p>\n","protected":false},"excerpt":{"rendered":"<p>[vc_row][vc_column][\/vc_column][\/vc_row][vc_row amy_add_container=&#8221;yes&#8221; css=&#8221;.vc_custom_1477975304894{padding-top: 20px !important;}&#8221;][vc_column][\/vc_column][\/vc_row][vc_row][vc_column][\/vc_column][\/vc_row]<\/p>\n","protected":false},"author":2,"featured_media":0,"parent":0,"menu_order":0,"comment_status":"closed","ping_status":"closed","template":"","meta":{"footnotes":""},"class_list":["post-80","page","type-page","status-publish","h-entry","hentry"],"_links":{"self":[{"href":"https:\/\/kinomeetingpoint.ba\/index.php?rest_route=\/wp\/v2\/pages\/80","targetHints":{"allow":["GET"]}}],"collection":[{"href":"https:\/\/kinomeetingpoint.ba\/index.php?rest_route=\/wp\/v2\/pages"}],"about":[{"href":"https:\/\/kinomeetingpoint.ba\/index.php?rest_route=\/wp\/v2\/types\/page"}],"author":[{"embeddable":true,"href":"https:\/\/kinomeetingpoint.ba\/index.php?rest_route=\/wp\/v2\/users\/2"}],"replies":[{"embeddable":true,"href":"https:\/\/kinomeetingpoint.ba\/index.php?rest_route=%2Fwp%2Fv2%2Fcomments&post=80"}],"version-history":[{"count":14,"href":"https:\/\/kinomeetingpoint.ba\/index.php?rest_route=\/wp\/v2\/pages\/80\/revisions"}],"predecessor-version":[{"id":1213,"href":"https:\/\/kinomeetingpoint.ba\/index.php?rest_route=\/wp\/v2\/pages\/80\/revisions\/1213"}],"wp:attachment":[{"href":"https:\/\/kinomeetingpoint.ba\/index.php?rest_route=%2Fwp%2Fv2%2Fmedia&parent=80"}],"curies":[{"name":"wp","href":"https:\/\/api.w.org\/{rel}","templated":true}]}}